{"id":5814,"date":"2025-07-02T18:32:04","date_gmt":"2025-07-02T18:32:04","guid":{"rendered":"https:\/\/sooqtic.com\/?page_id=5814"},"modified":"2025-07-27T12:38:41","modified_gmt":"2025-07-27T11:38:41","slug":"help-center","status":"publish","type":"page","link":"https:\/\/jimmland.com\/fr\/help-center\/","title":{"rendered":"Centre d'aide"},"content":{"rendered":"<div data-elementor-type=\"wp-page\" data-elementor-id=\"5814\" class=\"elementor elementor-5814\" data-elementor-post-type=\"page\">\n\t\t\t\t<div class=\"elementor-element elementor-element-2e37de9 e-con-full e-flex e-con e-parent\" data-id=\"2e37de9\" data-element_type=\"container\" data-e-type=\"container\">\n\t\t\t\t<div class=\"elementor-element elementor-element-22b2c4b elementor-widget elementor-widget-et-general-tabs\" data-id=\"22b2c4b\" data-element_type=\"widget\" data-e-type=\"widget\" data-widget_type=\"et-general-tabs.default\">\n\t\t\t\t<div class=\"elementor-widget-container\">\n\t\t\t\t\t        <div id=\"et-advance-tabs-22b2c4b\" class=\"et-advance-tabs et-tabs-vertical vertical-style-2\" data-tabid=\"22b2c4b\">\n            <div class=\"et-tabs-nav\">\n                <ul class=\"et-tab-inline-icon\">\n\t\t\t\t\t                        <li class=\"inactive et-tab-nav\"\n                            >\n                            \t\t\t\t\t\t\t\t                        \t\t\t\t\t\t\t\t\t\t\t\t\t\t\t\t\t\t\t\t\t                                <span class=\"et-tab-title\">\n    \t\t\t\t\t\t\t\tM\u00e9thodes de paiement    \t\t\t\t\t\t\t<\/span>\n\t\t\t\t\t\t\t                        <\/li>\n\t\t\t\t\t                        <li class=\"inactive et-tab-nav\"\n                            >\n                            \t\t\t\t\t\t\t\t                        \t\t\t\t\t\t\t\t\t\t\t\t\t\t\t\t\t\t\t\t\t                                <span class=\"et-tab-title\">\n    \t\t\t\t\t\t\t\tRemboursement et retours    \t\t\t\t\t\t\t<\/span>\n\t\t\t\t\t\t\t                        <\/li>\n\t\t\t\t\t                        <li class=\"inactive et-tab-nav\"\n                            >\n                            \t\t\t\t\t\t\t\t                        \t\t\t\t\t\t\t\t\t\t\t\t\t\t\t\t\t\t\t\t\t                                <span class=\"et-tab-title\">\n    \t\t\t\t\t\t\t\tProduits    \t\t\t\t\t\t\t<\/span>\n\t\t\t\t\t\t\t                        <\/li>\n\t\t\t\t\t                        <li class=\"inactive et-tab-nav\"\n                            >\n                            \t\t\t\t\t\t\t\t                        \t\t\t\t\t\t\t\t\t\t\t\t\t\t\t\t\t\t\t\t\t                                <span class=\"et-tab-title\">\n    \t\t\t\t\t\t\t\tLivraison    \t\t\t\t\t\t\t<\/span>\n\t\t\t\t\t\t\t                        <\/li>\n\t\t\t\t\t                <\/ul>\n                                    <select class=\"et-tabs-mob-nav\">\n                                                    <option value=\"e82973c\"  >\n                                M\u00e9thodes de paiement                            <\/option>\n                                                    <option value=\"bea6d08\"  >\n                                Remboursement et retours                            <\/option>\n                                                    <option value=\"8bf4026\"  >\n                                Produits                            <\/option>\n                                                    <option value=\"13fe31b\"  >\n                                Livraison                            <\/option>\n                                            <\/select>\n                            <\/div>\n            <div class=\"et-tabs-content\">\n\t\t\t\t                    <div class=\"clearfix inactive\">\n\t\t\t\t\t\t<p><strong>Moyens de paiement<\/strong><strong> accept\u00e9s<\/strong><\/p><p>Nous offrons une vari\u00e9t\u00e9 d\u2019options de paiement pour garantir une exp\u00e9rience d\u2019achat fluide :<\/p><ul><li><strong>Wafacash, Barid Cash, Cashplus :<\/strong> R\u00e9seaux de paiement en esp\u00e8ces pratiques.<\/li><li><strong>Paiement \u00e0 la livraison (COD) :<\/strong> Payez lorsque votre commande est livr\u00e9e.<\/li><li><strong>Virements bancaires : <\/strong>Transferts directs vers notre compte bancaire.<strong><br \/><\/strong><\/li><\/ul><p><strong>Comment compl\u00e9ter votre paiement :<\/strong><\/p><ul><li><strong>Lors du paiement : <\/strong>S\u00e9lectionnez votre m\u00e9thode de paiement pr\u00e9f\u00e9r\u00e9e et suivez les instructions pour saisir les d\u00e9tails ou consignes de paiement.<\/li><li><strong>Confirmation :<\/strong> Pour les virements bancaires, veuillez pr\u00e9voir 1 \u00e0 2 jours ouvrables pour la v\u00e9rification.<\/li><\/ul>                    <\/div>\n\t\t\t\t                    <div class=\"clearfix inactive\">\n\t\t\t\t\t\t<p>Si vous n\u2019\u00eates pas enti\u00e8rement satisfait de votre achat, nous sommes l\u00e0 pour vous aider. Veuillez lire attentivement notre Politique de remboursement et de retour afin de comprendre vos droits et obligations.<\/p><p><strong>Nous acceptons les retours dans les conditions suivantes\u202f:<\/strong><\/p><ul><li>Le produit est dans son \u00e9tat d'origine, inutilis\u00e9, et dans son emballage d'origine.<\/li><li>Une demande de retour est initi\u00e9e dans les 7 jours suivant la r\u00e9ception du produit.<\/li><li>Une preuve d'achat (par exemple, un re\u00e7u ou une confirmation de commande) est fournie.<\/li><\/ul><p><strong>Articles non retournables\u202f:<\/strong>:<\/p><ul><li>Cartes-cadeaux.<\/li><li>Produits logiciels t\u00e9l\u00e9chargeables.<\/li><li>Certains articles de sant\u00e9 et de soins personnels (par exemple, les cosm\u00e9tiques).<\/li><li>Produits p\u00e9rissables (par exemple, les aliments).<\/li><li>Produits personnalis\u00e9s ou sur mesure.<\/li><\/ul><p>Pour plus d\u2019informations, veuillez lire notre <a href=\"https:\/\/jimmland.com\/ar\/refund-returns\/\">Politique de remboursement et de retour<\/a><\/p>                    <\/div>\n\t\t\t\t                    <div class=\"clearfix inactive\">\n\t\t\t\t\t\t<p><strong>Comment rechercher un produit sp\u00e9cifique ?<\/strong><\/p><p>Vous pouvez rechercher un produit sp\u00e9cifique sur jimmland en utilisant la barre de recherche situ\u00e9e en haut du site. Saisissez le nom du produit que vous recherchez dans la barre de recherche, puis cliquez sur le bouton \u00ab Rechercher \u00bb. Une liste de r\u00e9sultats correspondant \u00e0 vos crit\u00e8res de recherche appara\u00eetra. Vous pouvez ensuite parcourir la liste pour trouver le produit exact que vous cherchez. De plus, vous pouvez affiner vos r\u00e9sultats en s\u00e9lectionnant des filtres tels que la fourchette de prix, la marque, et plus encore.<\/p><p><strong>Comment puis-je consulter les d\u00e9tails et les sp\u00e9cifications d\u2019un produit ?<\/strong><\/p><p>Les d\u00e9tails et sp\u00e9cifications des produits vendus sur jimmland sont facilement accessibles en cliquant sur la page du produit. Une fois que vous avez s\u00e9lectionn\u00e9 l\u2019article souhait\u00e9, faites d\u00e9filer la page vers le bas o\u00f9 vous trouverez une description d\u00e9taill\u00e9e des caract\u00e9ristiques et sp\u00e9cifications du produit. Les d\u00e9tails du produit incluent \u00e9galement une galerie d\u2019images, des \u00e9valuations et des avis d\u2019autres clients, ainsi qu\u2019une liste d\u2019articles similaires.<\/p>                    <\/div>\n\t\t\t\t                    <div class=\"clearfix inactive\">\n\t\t\t\t\t\t<p>Sur jimmland.com, nous nous effor\u00e7ons de garantir que vos commandes soient livr\u00e9es rapidement et en toute s\u00e9curit\u00e9.<\/p><p><strong>D\u00e9lais de livraison<\/strong><\/p><ul><li>Livraison gratuite : 2 \u00e0 7 jours ouvrables (selon votre localisation).<\/li><li>Livraison standard : 2 \u00e0 5 jours ouvrables (selon votre localisation).<\/li><li>Livraison express : 1 \u00e0 3 jours ouvrables (disponible pour certaines localit\u00e9s).<\/li><\/ul><p><strong>Remarque:<\/strong> Les d\u00e9lais de livraison sont des estimations et peuvent \u00eatre affect\u00e9s par des facteurs tels que les jours f\u00e9ri\u00e9s, les conditions m\u00e9t\u00e9orologiques ou des retards impr\u00e9vus.<\/p><p><strong>Frais de livraison<\/strong><\/p><ul><li>Livraison gratuite: 0 MAD par commande.<\/li><li>Livraison standard: 25 MAD par commande.<\/li><li>Livraison express: 50 MAD par commande.<\/li><\/ul><p>Pour plus d\u2019informations, veuillez lire notre <a href=\"https:\/\/jimmland.com\/fr\/delivery\/\" target=\"_blank\" rel=\"noopener\">Informations de livraison<\/a><\/p>                    <\/div>\n\t\t\t\t            <\/div>\n        <\/div>\n\t\t\t\t\t\t<\/div>\n\t\t\t\t<\/div>\n\t\t\t\t<\/div>\n\t\t\t\t<\/div>","protected":false},"excerpt":{"rendered":"<p>Payment Methods Refund &#038; Returns Products Delivery Payment Methods Refund &#038; Returns Products Delivery Accepted Payment Methods We offer a&#8230;<\/p>","protected":false},"author":3,"featured_media":0,"parent":0,"menu_order":0,"comment_status":"closed","ping_status":"closed","template":"","meta":{"footnotes":""},"class_list":["post-5814","page","type-page","status-publish","hentry"],"yoast_head":"<!-- This site is optimized with the Yoast SEO plugin v27.1.1 - https:\/\/yoast.com\/product\/yoast-seo-wordpress\/ -->\n<title>Help Center | Explore the Latest Electronics, Smart Devices, Home, Accessories &amp; More<\/title>\n<meta name=\"robots\" content=\"index, follow, max-snippet:-1, max-image-preview:large, max-video-preview:-1\" \/>\n<link rel=\"canonical\" href=\"https:\/\/jimmland.com\/fr\/help-center\/\" \/>\n<meta property=\"og:locale\" content=\"fr_FR\" \/>\n<meta property=\"og:type\" content=\"article\" \/>\n<meta property=\"og:title\" content=\"Help Center | Explore the Latest Electronics, Smart Devices, Home, Accessories &amp; More\" \/>\n<meta property=\"og:description\" content=\"Payment Methods Refund &#038; Returns Products Delivery Payment Methods Refund &#038; Returns Products Delivery Accepted Payment Methods We offer a...\" \/>\n<meta property=\"og:url\" content=\"https:\/\/jimmland.com\/fr\/help-center\/\" \/>\n<meta property=\"og:site_name\" content=\"Jimmland\" \/>\n<meta property=\"article:publisher\" content=\"https:\/\/www.facebook.com\/jimmland\" \/>\n<meta property=\"article:modified_time\" content=\"2025-07-27T11:38:41+00:00\" \/>\n<meta property=\"og:image\" content=\"https:\/\/jimmland.com\/wp-content\/uploads\/2025\/07\/Jimmland-link-image.jpg\" \/>\n\t<meta property=\"og:image:width\" content=\"1200\" \/>\n\t<meta property=\"og:image:height\" content=\"675\" \/>\n\t<meta property=\"og:image:type\" content=\"image\/jpeg\" \/>\n<meta name=\"twitter:card\" content=\"summary_large_image\" \/>\n<meta name=\"twitter:label1\" content=\"Dur\u00e9e de lecture estim\u00e9e\" \/>\n\t<meta name=\"twitter:data1\" content=\"2 minutes\" \/>\n<script type=\"application\/ld+json\" class=\"yoast-schema-graph\">{\"@context\":\"https:\/\/schema.org\",\"@graph\":[{\"@type\":\"WebPage\",\"@id\":\"https:\/\/jimmland.com\/help-center\/\",\"url\":\"https:\/\/jimmland.com\/help-center\/\",\"name\":\"Help Center | Explore the Latest Electronics, Smart Devices, Home, Accessories &amp; More\",\"isPartOf\":{\"@id\":\"https:\/\/jimmland.com\/#website\"},\"datePublished\":\"2025-07-02T18:32:04+00:00\",\"dateModified\":\"2025-07-27T11:38:41+00:00\",\"breadcrumb\":{\"@id\":\"https:\/\/jimmland.com\/help-center\/#breadcrumb\"},\"inLanguage\":\"fr-FR\",\"potentialAction\":[{\"@type\":\"ReadAction\",\"target\":[\"https:\/\/jimmland.com\/help-center\/\"]}]},{\"@type\":\"BreadcrumbList\",\"@id\":\"https:\/\/jimmland.com\/help-center\/#breadcrumb\",\"itemListElement\":[{\"@type\":\"ListItem\",\"position\":1,\"name\":\"Home\",\"item\":\"https:\/\/jimmland.com\/\"},{\"@type\":\"ListItem\",\"position\":2,\"name\":\"Help Center\"}]},{\"@type\":\"WebSite\",\"@id\":\"https:\/\/jimmland.com\/#website\",\"url\":\"https:\/\/jimmland.com\/\",\"name\":\"Jimmland\",\"description\":\"Explore the Latest Electronics, Smart Devices, Home, Accessories &amp; More\",\"publisher\":{\"@id\":\"https:\/\/jimmland.com\/#organization\"},\"potentialAction\":[{\"@type\":\"SearchAction\",\"target\":{\"@type\":\"EntryPoint\",\"urlTemplate\":\"https:\/\/jimmland.com\/?s={search_term_string}\"},\"query-input\":{\"@type\":\"PropertyValueSpecification\",\"valueRequired\":true,\"valueName\":\"search_term_string\"}}],\"inLanguage\":\"fr-FR\"},{\"@type\":\"Organization\",\"@id\":\"https:\/\/jimmland.com\/#organization\",\"name\":\"Jimmland\",\"url\":\"https:\/\/jimmland.com\/\",\"logo\":{\"@type\":\"ImageObject\",\"inLanguage\":\"fr-FR\",\"@id\":\"https:\/\/jimmland.com\/#\/schema\/logo\/image\/\",\"url\":\"https:\/\/jimmland.com\/wp-content\/uploads\/2025\/07\/social_jimmland.jpg\",\"contentUrl\":\"https:\/\/jimmland.com\/wp-content\/uploads\/2025\/07\/social_jimmland.jpg\",\"width\":1080,\"height\":1080,\"caption\":\"Jimmland\"},\"image\":{\"@id\":\"https:\/\/jimmland.com\/#\/schema\/logo\/image\/\"},\"sameAs\":[\"https:\/\/www.facebook.com\/jimmland\",\"http:\/\/www.tiktok.com\/@jimmystore59\",\"https:\/\/www.instagram.com\/jimmland\"]}]}<\/script>\n<!-- \/ Yoast SEO plugin. -->","yoast_head_json":{"title":"Help Center | Explore the Latest Electronics, Smart Devices, Home, Accessories &amp; More","robots":{"index":"index","follow":"follow","max-snippet":"max-snippet:-1","max-image-preview":"max-image-preview:large","max-video-preview":"max-video-preview:-1"},"canonical":"https:\/\/jimmland.com\/fr\/help-center\/","og_locale":"fr_FR","og_type":"article","og_title":"Help Center | Explore the Latest Electronics, Smart Devices, Home, Accessories &amp; More","og_description":"Payment Methods Refund &#038; Returns Products Delivery Payment Methods Refund &#038; Returns Products Delivery Accepted Payment Methods We offer a...","og_url":"https:\/\/jimmland.com\/fr\/help-center\/","og_site_name":"Jimmland","article_publisher":"https:\/\/www.facebook.com\/jimmland","article_modified_time":"2025-07-27T11:38:41+00:00","og_image":[{"width":1200,"height":675,"url":"https:\/\/jimmland.com\/wp-content\/uploads\/2025\/07\/Jimmland-link-image.jpg","type":"image\/jpeg"}],"twitter_card":"summary_large_image","twitter_misc":{"Dur\u00e9e de lecture estim\u00e9e":"2 minutes"},"schema":{"@context":"https:\/\/schema.org","@graph":[{"@type":"WebPage","@id":"https:\/\/jimmland.com\/help-center\/","url":"https:\/\/jimmland.com\/help-center\/","name":"Help Center | Explore the Latest Electronics, Smart Devices, Home, Accessories &amp; More","isPartOf":{"@id":"https:\/\/jimmland.com\/#website"},"datePublished":"2025-07-02T18:32:04+00:00","dateModified":"2025-07-27T11:38:41+00:00","breadcrumb":{"@id":"https:\/\/jimmland.com\/help-center\/#breadcrumb"},"inLanguage":"fr-FR","potentialAction":[{"@type":"ReadAction","target":["https:\/\/jimmland.com\/help-center\/"]}]},{"@type":"BreadcrumbList","@id":"https:\/\/jimmland.com\/help-center\/#breadcrumb","itemListElement":[{"@type":"ListItem","position":1,"name":"Home","item":"https:\/\/jimmland.com\/"},{"@type":"ListItem","position":2,"name":"Help Center"}]},{"@type":"WebSite","@id":"https:\/\/jimmland.com\/#website","url":"https:\/\/jimmland.com\/","name":"Jimmland","description":"Explore the Latest Electronics, Smart Devices, Home, Accessories &amp; More","publisher":{"@id":"https:\/\/jimmland.com\/#organization"},"potentialAction":[{"@type":"SearchAction","target":{"@type":"EntryPoint","urlTemplate":"https:\/\/jimmland.com\/?s={search_term_string}"},"query-input":{"@type":"PropertyValueSpecification","valueRequired":true,"valueName":"search_term_string"}}],"inLanguage":"fr-FR"},{"@type":"Organization","@id":"https:\/\/jimmland.com\/#organization","name":"Jimmland","url":"https:\/\/jimmland.com\/","logo":{"@type":"ImageObject","inLanguage":"fr-FR","@id":"https:\/\/jimmland.com\/#\/schema\/logo\/image\/","url":"https:\/\/jimmland.com\/wp-content\/uploads\/2025\/07\/social_jimmland.jpg","contentUrl":"https:\/\/jimmland.com\/wp-content\/uploads\/2025\/07\/social_jimmland.jpg","width":1080,"height":1080,"caption":"Jimmland"},"image":{"@id":"https:\/\/jimmland.com\/#\/schema\/logo\/image\/"},"sameAs":["https:\/\/www.facebook.com\/jimmland","http:\/\/www.tiktok.com\/@jimmystore59","https:\/\/www.instagram.com\/jimmland"]}]}},"_links":{"self":[{"href":"https:\/\/jimmland.com\/fr\/wp-json\/wp\/v2\/pages\/5814","targetHints":{"allow":["GET"]}}],"collection":[{"href":"https:\/\/jimmland.com\/fr\/wp-json\/wp\/v2\/pages"}],"about":[{"href":"https:\/\/jimmland.com\/fr\/wp-json\/wp\/v2\/types\/page"}],"author":[{"embeddable":true,"href":"https:\/\/jimmland.com\/fr\/wp-json\/wp\/v2\/users\/3"}],"replies":[{"embeddable":true,"href":"https:\/\/jimmland.com\/fr\/wp-json\/wp\/v2\/comments?post=5814"}],"version-history":[{"count":7,"href":"https:\/\/jimmland.com\/fr\/wp-json\/wp\/v2\/pages\/5814\/revisions"}],"predecessor-version":[{"id":7806,"href":"https:\/\/jimmland.com\/fr\/wp-json\/wp\/v2\/pages\/5814\/revisions\/7806"}],"wp:attachment":[{"href":"https:\/\/jimmland.com\/fr\/wp-json\/wp\/v2\/media?parent=5814"}],"curies":[{"name":"wp","href":"https:\/\/api.w.org\/{rel}","templated":true}]}}