{"id":7302,"date":"2025-07-05T08:00:00","date_gmt":"2025-07-05T08:00:00","guid":{"rendered":"https:\/\/xstore.8theme.com\/elementor\/demos\/niche-market02\/?page_id=211"},"modified":"2025-07-21T17:54:18","modified_gmt":"2025-07-21T16:54:18","slug":"about-us","status":"publish","type":"page","link":"https:\/\/jimmland.com\/fr\/about-us\/","title":{"rendered":"\u00c0 propos de nous"},"content":{"rendered":"<div data-elementor-type=\"wp-page\" data-elementor-id=\"7302\" class=\"elementor elementor-7302\" data-elementor-post-type=\"page\">\n\t\t\t\t\t\t<section class=\"elementor-section elementor-top-section elementor-element elementor-element-be6e391 elementor-section-stretched elementor-section-boxed elementor-section-height-default elementor-section-height-default elementor-invisible\" data-id=\"be6e391\" data-element_type=\"section\" data-e-type=\"section\" data-settings=\"{&quot;stretch_section&quot;:&quot;section-stretched&quot;,&quot;background_background&quot;:&quot;classic&quot;,&quot;animation&quot;:&quot;fadeIn&quot;}\">\n\t\t\t\t\t\t<div class=\"elementor-container elementor-column-gap-no\">\n\t\t\t\t\t<div class=\"elementor-column elementor-col-100 elementor-top-column elementor-element elementor-element-70e8bc8\" data-id=\"70e8bc8\" data-element_type=\"column\" data-e-type=\"column\">\n\t\t\t<div class=\"elementor-widget-wrap elementor-element-populated\">\n\t\t\t\t\t\t<div class=\"elementor-element elementor-element-56f7193 elementor-widget elementor-widget-heading\" data-id=\"56f7193\" data-element_type=\"widget\" data-e-type=\"widget\" data-widget_type=\"heading.default\">\n\t\t\t\t<div class=\"elementor-widget-container\">\n\t\t\t\t\t<h2 class=\"elementor-heading-title elementor-size-default\">\u00c0 propos de nous<\/h2>\t\t\t\t<\/div>\n\t\t\t\t<\/div>\n\t\t\t\t<div class=\"elementor-element elementor-element-3ff2821 elementor-widget elementor-widget-text-editor\" data-id=\"3ff2821\" data-element_type=\"widget\" data-e-type=\"widget\" data-widget_type=\"text-editor.default\">\n\t\t\t\t<div class=\"elementor-widget-container\">\n\t\t\t\t\t\t\t\t\t<p><strong>Chez Sooqtic, nous croyons que les achats doivent \u00eatre faciles, rapides et fiables.<\/strong><\/p>\t\t\t\t\t\t\t\t<\/div>\n\t\t\t\t<\/div>\n\t\t\t\t\t<\/div>\n\t\t<\/div>\n\t\t\t\t\t<\/div>\n\t\t<\/section>\n\t\t\t\t<section class=\"elementor-section elementor-top-section elementor-element elementor-element-20a7320 elementor-section-boxed elementor-section-height-default elementor-section-height-default\" data-id=\"20a7320\" data-element_type=\"section\" data-e-type=\"section\" data-settings=\"{&quot;background_background&quot;:&quot;classic&quot;}\">\n\t\t\t\t\t\t<div class=\"elementor-container elementor-column-gap-no\">\n\t\t\t\t\t<div class=\"elementor-column elementor-col-25 elementor-top-column elementor-element elementor-element-461a0e6 elementor-invisible\" data-id=\"461a0e6\" data-element_type=\"column\" data-e-type=\"column\" data-settings=\"{&quot;animation&quot;:&quot;fadeIn&quot;}\">\n\t\t\t<div class=\"elementor-widget-wrap elementor-element-populated\">\n\t\t\t\t\t\t<div class=\"elementor-element elementor-element-e92920b elementor-vertical-align-middle elementor-widget elementor-widget-image-box\" data-id=\"e92920b\" data-element_type=\"widget\" data-e-type=\"widget\" data-widget_type=\"image-box.default\">\n\t\t\t\t<div class=\"elementor-widget-container\">\n\t\t\t\t\t<div class=\"elementor-image-box-wrapper\"><div class=\"elementor-image-box-content\"><h3 class=\"elementor-image-box-title\">Fast &amp; Reliable Delivery<\/h3><p class=\"elementor-image-box-description\">Nous garantissons des livraisons \u00e0 temps.<\/p><\/div><\/div>\t\t\t\t<\/div>\n\t\t\t\t<\/div>\n\t\t\t\t\t<\/div>\n\t\t<\/div>\n\t\t\t\t<div class=\"elementor-column elementor-col-25 elementor-top-column elementor-element elementor-element-24851c8 elementor-invisible\" data-id=\"24851c8\" data-element_type=\"column\" data-e-type=\"column\" data-settings=\"{&quot;animation&quot;:&quot;fadeIn&quot;}\">\n\t\t\t<div class=\"elementor-widget-wrap elementor-element-populated\">\n\t\t\t\t\t\t<div class=\"elementor-element elementor-element-b9f9143 elementor-vertical-align-middle elementor-widget elementor-widget-image-box\" data-id=\"b9f9143\" data-element_type=\"widget\" data-e-type=\"widget\" data-widget_type=\"image-box.default\">\n\t\t\t\t<div class=\"elementor-widget-container\">\n\t\t\t\t\t<div class=\"elementor-image-box-wrapper\"><div class=\"elementor-image-box-content\"><h3 class=\"elementor-image-box-title\">Assurance qualit\u00e9<\/h3><p class=\"elementor-image-box-description\">Produits soigneusement s\u00e9lectionn\u00e9s<\/p><\/div><\/div>\t\t\t\t<\/div>\n\t\t\t\t<\/div>\n\t\t\t\t\t<\/div>\n\t\t<\/div>\n\t\t\t\t<div class=\"elementor-column elementor-col-25 elementor-top-column elementor-element elementor-element-dcba657 elementor-invisible\" data-id=\"dcba657\" data-element_type=\"column\" data-e-type=\"column\" data-settings=\"{&quot;animation&quot;:&quot;fadeIn&quot;}\">\n\t\t\t<div class=\"elementor-widget-wrap elementor-element-populated\">\n\t\t\t\t\t\t<div class=\"elementor-element elementor-element-300ba69 elementor-vertical-align-middle elementor-widget elementor-widget-image-box\" data-id=\"300ba69\" data-element_type=\"widget\" data-e-type=\"widget\" data-widget_type=\"image-box.default\">\n\t\t\t\t<div class=\"elementor-widget-container\">\n\t\t\t\t\t<div class=\"elementor-image-box-wrapper\"><div class=\"elementor-image-box-content\"><h3 class=\"elementor-image-box-title\">Garantie de remboursement<\/h3><p class=\"elementor-image-box-description\">Satisfaction garantie ou remboursement.<\/p><\/div><\/div>\t\t\t\t<\/div>\n\t\t\t\t<\/div>\n\t\t\t\t\t<\/div>\n\t\t<\/div>\n\t\t\t\t<div class=\"elementor-column elementor-col-25 elementor-top-column elementor-element elementor-element-e92ea82 elementor-invisible\" data-id=\"e92ea82\" data-element_type=\"column\" data-e-type=\"column\" data-settings=\"{&quot;animation&quot;:&quot;fadeIn&quot;}\">\n\t\t\t<div class=\"elementor-widget-wrap elementor-element-populated\">\n\t\t\t\t\t\t<div class=\"elementor-element elementor-element-e18c6f7 elementor-vertical-align-middle elementor-widget elementor-widget-image-box\" data-id=\"e18c6f7\" data-element_type=\"widget\" data-e-type=\"widget\" data-widget_type=\"image-box.default\">\n\t\t\t\t<div class=\"elementor-widget-container\">\n\t\t\t\t\t<div class=\"elementor-image-box-wrapper\"><div class=\"elementor-image-box-content\"><h3 class=\"elementor-image-box-title\">Support client 24\/7<\/h3><p class=\"elementor-image-box-description\">Nous sommes l\u00e0 pour garantir votre satisfaction.<\/p><\/div><\/div>\t\t\t\t<\/div>\n\t\t\t\t<\/div>\n\t\t\t\t\t<\/div>\n\t\t<\/div>\n\t\t\t\t\t<\/div>\n\t\t<\/section>\n\t\t\t\t<section class=\"elementor-section elementor-top-section elementor-element elementor-element-7622d88 what-we-do-block elementor-section-boxed elementor-section-height-default elementor-section-height-default\" data-id=\"7622d88\" data-element_type=\"section\" data-e-type=\"section\">\n\t\t\t\t\t\t<div class=\"elementor-container elementor-column-gap-no\">\n\t\t\t\t\t<div class=\"elementor-column elementor-col-33 elementor-top-column elementor-element elementor-element-74e3adb elementor-invisible\" data-id=\"74e3adb\" data-element_type=\"column\" data-e-type=\"column\" data-settings=\"{&quot;animation&quot;:&quot;fadeInLeft&quot;}\">\n\t\t\t<div class=\"elementor-widget-wrap elementor-element-populated\">\n\t\t\t\t\t\t<div class=\"elementor-element elementor-element-6e45ed7 elementor-position-top elementor-widget elementor-widget-image-box\" data-id=\"6e45ed7\" data-element_type=\"widget\" data-e-type=\"widget\" data-widget_type=\"image-box.default\">\n\t\t\t\t<div class=\"elementor-widget-container\">\n\t\t\t\t\t<div class=\"elementor-image-box-wrapper\"><figure class=\"elementor-image-box-img\"><img loading=\"lazy\" decoding=\"async\" width=\"450\" height=\"250\" src=\"https:\/\/jimmland.com\/wp-content\/uploads\/2025\/07\/jimmland-store.webp\" class=\"attachment-full size-full wp-image-7660\" alt=\"\" srcset=\"https:\/\/jimmland.com\/wp-content\/uploads\/2025\/07\/jimmland-store.webp 450w, https:\/\/jimmland.com\/wp-content\/uploads\/2025\/07\/jimmland-store-300x167.webp 300w, https:\/\/jimmland.com\/wp-content\/uploads\/2025\/07\/jimmland-store-18x10.webp 18w, https:\/\/jimmland.com\/wp-content\/uploads\/2025\/07\/jimmland-store-1x1.webp 1w, https:\/\/jimmland.com\/wp-content\/uploads\/2025\/07\/jimmland-store-10x6.webp 10w\" sizes=\"auto, (max-width: 450px) 100vw, 450px\" \/><\/figure><div class=\"elementor-image-box-content\"><h3 class=\"elementor-image-box-title\">Qui sommes-nous?<\/h3><p class=\"elementor-image-box-description\">En tant que magasin de commerce \u00e9lectronique marocain, nous nous engageons \u00e0 fournir des produits de qualit\u00e9 et un service client de premier ordre, garantissant une exp\u00e9rience de shopping sans tracas, que vous soyez \u00e0 K\u00e9nitra ou partout au Maroc.<\/p><\/div><\/div>\t\t\t\t<\/div>\n\t\t\t\t<\/div>\n\t\t\t\t\t<\/div>\n\t\t<\/div>\n\t\t\t\t<div class=\"elementor-column elementor-col-33 elementor-top-column elementor-element elementor-element-17c0830 elementor-invisible\" data-id=\"17c0830\" data-element_type=\"column\" data-e-type=\"column\" data-settings=\"{&quot;animation&quot;:&quot;fadeIn&quot;}\">\n\t\t\t<div class=\"elementor-widget-wrap elementor-element-populated\">\n\t\t\t\t\t\t<div class=\"elementor-element elementor-element-b5c6409 elementor-position-top elementor-widget elementor-widget-image-box\" data-id=\"b5c6409\" data-element_type=\"widget\" data-e-type=\"widget\" data-widget_type=\"image-box.default\">\n\t\t\t\t<div class=\"elementor-widget-container\">\n\t\t\t\t\t<div class=\"elementor-image-box-wrapper\"><figure class=\"elementor-image-box-img\"><img loading=\"lazy\" decoding=\"async\" width=\"450\" height=\"250\" src=\"https:\/\/jimmland.com\/wp-content\/uploads\/2024\/12\/mission.webp\" class=\"attachment-full size-full wp-image-6161\" alt=\"\" srcset=\"https:\/\/jimmland.com\/wp-content\/uploads\/2024\/12\/mission.webp 450w, https:\/\/jimmland.com\/wp-content\/uploads\/2024\/12\/mission-300x167.webp 300w, https:\/\/jimmland.com\/wp-content\/uploads\/2024\/12\/mission-1x1.webp 1w, https:\/\/jimmland.com\/wp-content\/uploads\/2024\/12\/mission-10x6.webp 10w\" sizes=\"auto, (max-width: 450px) 100vw, 450px\" \/><\/figure><div class=\"elementor-image-box-content\"><h3 class=\"elementor-image-box-title\">Mission &amp; Vision<\/h3><p class=\"elementor-image-box-description\">Notre mission est de rendre les achats en ligne au Maroc aussi simples que possible, en offrant des produits que vous aimez avec le service que vous m\u00e9ritez. Nous nous effor\u00e7ons de combler l'\u00e9cart entre la qualit\u00e9 et l'accessibilit\u00e9, en apportant le march\u00e9 \u00e0 votre porte.<\/p><\/div><\/div>\t\t\t\t<\/div>\n\t\t\t\t<\/div>\n\t\t\t\t\t<\/div>\n\t\t<\/div>\n\t\t\t\t<div class=\"elementor-column elementor-col-33 elementor-top-column elementor-element elementor-element-d2f1b64 elementor-invisible\" data-id=\"d2f1b64\" data-element_type=\"column\" data-e-type=\"column\" data-settings=\"{&quot;animation&quot;:&quot;fadeInRight&quot;}\">\n\t\t\t<div class=\"elementor-widget-wrap elementor-element-populated\">\n\t\t\t\t\t\t<div class=\"elementor-element elementor-element-e67149c elementor-position-top elementor-widget elementor-widget-image-box\" data-id=\"e67149c\" data-element_type=\"widget\" data-e-type=\"widget\" data-widget_type=\"image-box.default\">\n\t\t\t\t<div class=\"elementor-widget-container\">\n\t\t\t\t\t<div class=\"elementor-image-box-wrapper\"><figure class=\"elementor-image-box-img\"><img loading=\"lazy\" decoding=\"async\" width=\"450\" height=\"250\" src=\"https:\/\/jimmland.com\/wp-content\/uploads\/2025\/07\/history.webp\" class=\"attachment-full size-full wp-image-7664\" alt=\"\" srcset=\"https:\/\/jimmland.com\/wp-content\/uploads\/2025\/07\/history.webp 450w, https:\/\/jimmland.com\/wp-content\/uploads\/2025\/07\/history-300x167.webp 300w, https:\/\/jimmland.com\/wp-content\/uploads\/2025\/07\/history-18x10.webp 18w, https:\/\/jimmland.com\/wp-content\/uploads\/2025\/07\/history-1x1.webp 1w, https:\/\/jimmland.com\/wp-content\/uploads\/2025\/07\/history-10x6.webp 10w\" sizes=\"auto, (max-width: 450px) 100vw, 450px\" \/><\/figure><div class=\"elementor-image-box-content\"><h3 class=\"elementor-image-box-title\">Notre histoire<\/h3><p class=\"elementor-image-box-description\">Fond\u00e9e \u00e0 K\u00e9nitra, au Maroc, Jimmland a \u00e9t\u00e9 cr\u00e9\u00e9e avec un objectif simple en t\u00eate : offrir une exp\u00e9rience d'achat en ligne fluide et fiable pour tous. Nous servons des clients \u00e0 travers le Maroc avec des produits de haute qualit\u00e9 et un service exceptionnel. <\/p><\/div><\/div>\t\t\t\t<\/div>\n\t\t\t\t<\/div>\n\t\t\t\t\t<\/div>\n\t\t<\/div>\n\t\t\t\t\t<\/div>\n\t\t<\/section>\n\t\t\t\t<\/div>","protected":false},"excerpt":{"rendered":"<p>About us At Jimmland, we believe that shopping should be easy, fast, and reliable. Fast &#038; Reliable Delivery We ensure&#8230;<\/p>","protected":false},"author":3,"featured_media":7780,"parent":0,"menu_order":0,"comment_status":"closed","ping_status":"closed","template":"","meta":{"footnotes":""},"class_list":["post-7302","page","type-page","status-publish","has-post-thumbnail","hentry"],"yoast_head":"<!-- This site is optimized with the Yoast SEO plugin v27.1.1 - https:\/\/yoast.com\/product\/yoast-seo-wordpress\/ -->\n<title>About Jimmland| Morocco\u2019s top e-commerce store!<\/title>\n<meta name=\"description\" content=\"Founded in Kenitra, Jimmland was created with a simple goal in mind: to offer a seamless and reliable online shopping experience for all.\" \/>\n<meta name=\"robots\" content=\"index, follow, max-snippet:-1, max-image-preview:large, max-video-preview:-1\" \/>\n<link rel=\"canonical\" href=\"https:\/\/jimmland.com\/fr\/about-us\/\" \/>\n<meta property=\"og:locale\" content=\"fr_FR\" \/>\n<meta property=\"og:type\" content=\"article\" \/>\n<meta property=\"og:title\" content=\"About Jimmland| Morocco\u2019s top e-commerce store!\" \/>\n<meta property=\"og:description\" content=\"Founded in Kenitra, Jimmland was created with a simple goal in mind: to offer a seamless and reliable online shopping experience for all.\" \/>\n<meta property=\"og:url\" content=\"https:\/\/jimmland.com\/fr\/about-us\/\" \/>\n<meta property=\"og:site_name\" content=\"Jimmland\" \/>\n<meta property=\"article:publisher\" content=\"https:\/\/www.facebook.com\/jimmland\" \/>\n<meta property=\"article:modified_time\" content=\"2025-07-21T16:54:18+00:00\" \/>\n<meta property=\"og:image\" content=\"https:\/\/jimmland.com\/wp-content\/uploads\/2025\/07\/Jimmland-link-image.jpg\" \/>\n\t<meta property=\"og:image:width\" content=\"1200\" \/>\n\t<meta property=\"og:image:height\" content=\"675\" \/>\n\t<meta property=\"og:image:type\" content=\"image\/jpeg\" \/>\n<meta name=\"twitter:card\" content=\"summary_large_image\" \/>\n<meta name=\"twitter:label1\" content=\"Dur\u00e9e de lecture estim\u00e9e\" \/>\n\t<meta name=\"twitter:data1\" content=\"2 minutes\" \/>\n<script type=\"application\/ld+json\" class=\"yoast-schema-graph\">{\"@context\":\"https:\/\/schema.org\",\"@graph\":[{\"@type\":\"WebPage\",\"@id\":\"https:\/\/jimmland.com\/about-us\/\",\"url\":\"https:\/\/jimmland.com\/about-us\/\",\"name\":\"About Jimmland| Morocco\u2019s top e-commerce store!\",\"isPartOf\":{\"@id\":\"https:\/\/jimmland.com\/#website\"},\"primaryImageOfPage\":{\"@id\":\"https:\/\/jimmland.com\/about-us\/#primaryimage\"},\"image\":{\"@id\":\"https:\/\/jimmland.com\/about-us\/#primaryimage\"},\"thumbnailUrl\":\"https:\/\/jimmland.com\/wp-content\/uploads\/2025\/07\/Jimmland-link-image.jpg\",\"datePublished\":\"2025-07-05T08:00:00+00:00\",\"dateModified\":\"2025-07-21T16:54:18+00:00\",\"description\":\"Founded in Kenitra, Jimmland was created with a simple goal in mind: to offer a seamless and reliable online shopping experience for all.\",\"breadcrumb\":{\"@id\":\"https:\/\/jimmland.com\/about-us\/#breadcrumb\"},\"inLanguage\":\"fr-FR\",\"potentialAction\":[{\"@type\":\"ReadAction\",\"target\":[\"https:\/\/jimmland.com\/about-us\/\"]}]},{\"@type\":\"ImageObject\",\"inLanguage\":\"fr-FR\",\"@id\":\"https:\/\/jimmland.com\/about-us\/#primaryimage\",\"url\":\"https:\/\/jimmland.com\/wp-content\/uploads\/2025\/07\/Jimmland-link-image.jpg\",\"contentUrl\":\"https:\/\/jimmland.com\/wp-content\/uploads\/2025\/07\/Jimmland-link-image.jpg\",\"width\":1200,\"height\":675},{\"@type\":\"BreadcrumbList\",\"@id\":\"https:\/\/jimmland.com\/about-us\/#breadcrumb\",\"itemListElement\":[{\"@type\":\"ListItem\",\"position\":1,\"name\":\"Home\",\"item\":\"https:\/\/jimmland.com\/\"},{\"@type\":\"ListItem\",\"position\":2,\"name\":\"About us\"}]},{\"@type\":\"WebSite\",\"@id\":\"https:\/\/jimmland.com\/#website\",\"url\":\"https:\/\/jimmland.com\/\",\"name\":\"Jimmland\",\"description\":\"Explore the Latest Electronics, Smart Devices, Home, Accessories &amp; More\",\"publisher\":{\"@id\":\"https:\/\/jimmland.com\/#organization\"},\"potentialAction\":[{\"@type\":\"SearchAction\",\"target\":{\"@type\":\"EntryPoint\",\"urlTemplate\":\"https:\/\/jimmland.com\/?s={search_term_string}\"},\"query-input\":{\"@type\":\"PropertyValueSpecification\",\"valueRequired\":true,\"valueName\":\"search_term_string\"}}],\"inLanguage\":\"fr-FR\"},{\"@type\":\"Organization\",\"@id\":\"https:\/\/jimmland.com\/#organization\",\"name\":\"Jimmland\",\"url\":\"https:\/\/jimmland.com\/\",\"logo\":{\"@type\":\"ImageObject\",\"inLanguage\":\"fr-FR\",\"@id\":\"https:\/\/jimmland.com\/#\/schema\/logo\/image\/\",\"url\":\"https:\/\/jimmland.com\/wp-content\/uploads\/2025\/07\/social_jimmland.jpg\",\"contentUrl\":\"https:\/\/jimmland.com\/wp-content\/uploads\/2025\/07\/social_jimmland.jpg\",\"width\":1080,\"height\":1080,\"caption\":\"Jimmland\"},\"image\":{\"@id\":\"https:\/\/jimmland.com\/#\/schema\/logo\/image\/\"},\"sameAs\":[\"https:\/\/www.facebook.com\/jimmland\",\"http:\/\/www.tiktok.com\/@jimmystore59\",\"https:\/\/www.instagram.com\/jimmland\"]}]}<\/script>\n<!-- \/ Yoast SEO plugin. -->","yoast_head_json":{"title":"About Jimmland| Morocco\u2019s top e-commerce store!","description":"Founded in Kenitra, Jimmland was created with a simple goal in mind: to offer a seamless and reliable online shopping experience for all.","robots":{"index":"index","follow":"follow","max-snippet":"max-snippet:-1","max-image-preview":"max-image-preview:large","max-video-preview":"max-video-preview:-1"},"canonical":"https:\/\/jimmland.com\/fr\/about-us\/","og_locale":"fr_FR","og_type":"article","og_title":"About Jimmland| Morocco\u2019s top e-commerce store!","og_description":"Founded in Kenitra, Jimmland was created with a simple goal in mind: to offer a seamless and reliable online shopping experience for all.","og_url":"https:\/\/jimmland.com\/fr\/about-us\/","og_site_name":"Jimmland","article_publisher":"https:\/\/www.facebook.com\/jimmland","article_modified_time":"2025-07-21T16:54:18+00:00","og_image":[{"width":1200,"height":675,"url":"https:\/\/jimmland.com\/wp-content\/uploads\/2025\/07\/Jimmland-link-image.jpg","type":"image\/jpeg"}],"twitter_card":"summary_large_image","twitter_misc":{"Dur\u00e9e de lecture estim\u00e9e":"2 minutes"},"schema":{"@context":"https:\/\/schema.org","@graph":[{"@type":"WebPage","@id":"https:\/\/jimmland.com\/about-us\/","url":"https:\/\/jimmland.com\/about-us\/","name":"About Jimmland| Morocco\u2019s top e-commerce store!","isPartOf":{"@id":"https:\/\/jimmland.com\/#website"},"primaryImageOfPage":{"@id":"https:\/\/jimmland.com\/about-us\/#primaryimage"},"image":{"@id":"https:\/\/jimmland.com\/about-us\/#primaryimage"},"thumbnailUrl":"https:\/\/jimmland.com\/wp-content\/uploads\/2025\/07\/Jimmland-link-image.jpg","datePublished":"2025-07-05T08:00:00+00:00","dateModified":"2025-07-21T16:54:18+00:00","description":"Founded in Kenitra, Jimmland was created with a simple goal in mind: to offer a seamless and reliable online shopping experience for all.","breadcrumb":{"@id":"https:\/\/jimmland.com\/about-us\/#breadcrumb"},"inLanguage":"fr-FR","potentialAction":[{"@type":"ReadAction","target":["https:\/\/jimmland.com\/about-us\/"]}]},{"@type":"ImageObject","inLanguage":"fr-FR","@id":"https:\/\/jimmland.com\/about-us\/#primaryimage","url":"https:\/\/jimmland.com\/wp-content\/uploads\/2025\/07\/Jimmland-link-image.jpg","contentUrl":"https:\/\/jimmland.com\/wp-content\/uploads\/2025\/07\/Jimmland-link-image.jpg","width":1200,"height":675},{"@type":"BreadcrumbList","@id":"https:\/\/jimmland.com\/about-us\/#breadcrumb","itemListElement":[{"@type":"ListItem","position":1,"name":"Home","item":"https:\/\/jimmland.com\/"},{"@type":"ListItem","position":2,"name":"About us"}]},{"@type":"WebSite","@id":"https:\/\/jimmland.com\/#website","url":"https:\/\/jimmland.com\/","name":"Jimmland","description":"Explore the Latest Electronics, Smart Devices, Home, Accessories &amp; More","publisher":{"@id":"https:\/\/jimmland.com\/#organization"},"potentialAction":[{"@type":"SearchAction","target":{"@type":"EntryPoint","urlTemplate":"https:\/\/jimmland.com\/?s={search_term_string}"},"query-input":{"@type":"PropertyValueSpecification","valueRequired":true,"valueName":"search_term_string"}}],"inLanguage":"fr-FR"},{"@type":"Organization","@id":"https:\/\/jimmland.com\/#organization","name":"Jimmland","url":"https:\/\/jimmland.com\/","logo":{"@type":"ImageObject","inLanguage":"fr-FR","@id":"https:\/\/jimmland.com\/#\/schema\/logo\/image\/","url":"https:\/\/jimmland.com\/wp-content\/uploads\/2025\/07\/social_jimmland.jpg","contentUrl":"https:\/\/jimmland.com\/wp-content\/uploads\/2025\/07\/social_jimmland.jpg","width":1080,"height":1080,"caption":"Jimmland"},"image":{"@id":"https:\/\/jimmland.com\/#\/schema\/logo\/image\/"},"sameAs":["https:\/\/www.facebook.com\/jimmland","http:\/\/www.tiktok.com\/@jimmystore59","https:\/\/www.instagram.com\/jimmland"]}]}},"_links":{"self":[{"href":"https:\/\/jimmland.com\/fr\/wp-json\/wp\/v2\/pages\/7302","targetHints":{"allow":["GET"]}}],"collection":[{"href":"https:\/\/jimmland.com\/fr\/wp-json\/wp\/v2\/pages"}],"about":[{"href":"https:\/\/jimmland.com\/fr\/wp-json\/wp\/v2\/types\/page"}],"author":[{"embeddable":true,"href":"https:\/\/jimmland.com\/fr\/wp-json\/wp\/v2\/users\/3"}],"replies":[{"embeddable":true,"href":"https:\/\/jimmland.com\/fr\/wp-json\/wp\/v2\/comments?post=7302"}],"version-history":[{"count":28,"href":"https:\/\/jimmland.com\/fr\/wp-json\/wp\/v2\/pages\/7302\/revisions"}],"predecessor-version":[{"id":7667,"href":"https:\/\/jimmland.com\/fr\/wp-json\/wp\/v2\/pages\/7302\/revisions\/7667"}],"wp:featuredmedia":[{"embeddable":true,"href":"https:\/\/jimmland.com\/fr\/wp-json\/wp\/v2\/media\/7780"}],"wp:attachment":[{"href":"https:\/\/jimmland.com\/fr\/wp-json\/wp\/v2\/media?parent=7302"}],"curies":[{"name":"wp","href":"https:\/\/api.w.org\/{rel}","templated":true}]}}