{"id":7304,"date":"2025-07-06T08:00:27","date_gmt":"2025-07-06T08:00:27","guid":{"rendered":"https:\/\/xstore.8theme.com\/elementor\/demos\/niche-market02\/?page_id=5329"},"modified":"2025-07-06T10:26:55","modified_gmt":"2025-07-06T10:26:55","slug":"refund-returns","status":"publish","type":"page","link":"https:\/\/jimmland.com\/fr\/refund-returns\/","title":{"rendered":"Politique de remboursement et de retour"},"content":{"rendered":"<p><strong>Date d'entr\u00e9e en vigueur\u202f: 06-07-2025<\/strong><\/p>\n\n\n<h2>Politique de remboursement et de retour pour Jimmland<\/h2>\n\n\n<p>Bienvenue chez Jimmland\u202f! La satisfaction de nos clients est au c\u0153ur de notre activit\u00e9. Si vous n\u2019\u00eates pas enti\u00e8rement satisfait de votre achat, nous sommes l\u00e0 pour vous aider. Veuillez lire attentivement notre Politique de remboursement et de retour afin de comprendre vos droits et obligations.<\/p>\n\n\n\n<h2 class=\"wp-block-heading\">1. \u00c9ligibilit\u00e9 au retour<\/h2>\n\n\n\n<p>Nous acceptons les retours dans les conditions suivantes\u202f:<\/p>\n\n\n\n<ul class=\"wp-block-list\">\n<li>Le produit est dans son \u00e9tat d'origine, inutilis\u00e9, et dans son emballage d'origine.<\/li>\n\n\n\n<li>Une demande de retour est initi\u00e9e dans les 7 jours suivant la r\u00e9ception du produit.<\/li>\n\n\n\n<li>Une preuve d'achat (par exemple, un re\u00e7u ou une confirmation de commande) est fournie.<\/li>\n<\/ul>\n\n\n\n<p><strong>Articles non retournables\u202f:<\/strong><\/p>\n\n\n\n<ul class=\"wp-block-list\">\n<li>Cartes-cadeaux.<\/li>\n\n\n\n<li>Produits logiciels t\u00e9l\u00e9chargeables.<\/li>\n\n\n\n<li>Certains articles de sant\u00e9 et de soins personnels (par exemple, les cosm\u00e9tiques).<\/li>\n\n\n\n<li>Produits p\u00e9rissables (par exemple, les aliments).<\/li>\n\n\n\n<li>Produits personnalis\u00e9s ou sur mesure.<\/li>\n<\/ul>\n\n\n\n<h2 class=\"wp-block-heading\"><strong>2. Initiation d\u2019un retour<\/strong><\/h2>\n\n\n\n<p>1 \u2013 Contactez-nous : Contactez notre service client via :<\/p>\n\n\n\n<ul class=\"wp-block-list\">\n<li>E-Mail : <a href=\"mailto:support@jimmland.com\" target=\"_blank\" rel=\"noreferrer noopener nofollow\">support@jimmland.com<\/a><\/li>\n\n\n\n<li>Whatsapp : <a href=\"https:\/\/wa.me\/212667189576\" target=\"_blank\" rel=\"noreferrer noopener nofollow\">0667189576<\/a><\/li>\n\n\n\n<li>T\u00e9l\u00e9phone : <a href=\"tel:0667189576\" target=\"_blank\" rel=\"noreferrer noopener nofollow\">0667189576<\/a><\/li>\n<\/ul>\n\n\n\n<p>2 \u2013 Fournissez votre num\u00e9ro de commande, la raison du retour, et toute documentation justificative (par exemple, des photos des articles endommag\u00e9s).<\/p>\n\n\n\n<p>3 \u2013 Notre \u00e9quipe vous guidera tout au long du processus de retour.<\/p>\n\n\n\n<h2 class=\"wp-block-heading\">3. Retour des frais d\u2019exp\u00e9dition<\/h2>\n\n\n\n<ul class=\"wp-block-list\">\n<li><strong>Clients locaux (K\u00e9nitra) :<\/strong><br>Les clients peuvent retourner le produit directement dans notre magasin \u00e0 :<br>Adresse : Rue Souss Magasin 1, K\u00e9nitra<\/li>\n\n\n\n<li><strong>Retours par coursier :<\/strong><br>Si vous choisissez de retourner le produit par coursier, vous serez responsable des frais d\u2019exp\u00e9dition sauf si le retour est d\u00fb \u00e0 :<br>\u2013 Un produit d\u00e9fectueux.<br>\u2013 Un article incorrect livr\u00e9.<\/li>\n<\/ul>\n\n\n\n<p>Les frais d\u2019exp\u00e9dition ne sont pas remboursables, sauf dans les cas o\u00f9 le produit \u00e9tait endommag\u00e9 ou incorrect.<\/p>\n\n\n\n<h2 class=\"wp-block-heading\">4. Processus de remboursement<\/h2>\n\n\n\n<p>Une fois que nous aurons re\u00e7u et inspect\u00e9 votre retour, nous vous enverrons un message pour vous informer que nous avons bien re\u00e7u l'article retourn\u00e9. Nous vous informerons \u00e9galement de l'approbation ou du rejet de votre remboursement.<\/p>\n\n\n\n<p>Si votre demande est approuv\u00e9e, votre remboursement sera trait\u00e9 et un cr\u00e9dit sera automatiquement appliqu\u00e9 \u00e0 votre m\u00e9thode de paiement d\u2019origine, dans un d\u00e9lai de quelques jours.<\/p>\n\n\n\n<h2 class=\"wp-block-heading\">5. Politique d\u2019\u00e9change<\/h2>\n\n\n\n<p>Nous autorisons les \u00e9changes pour les produits d\u00e9fectueux ou endommag\u00e9s. Pour demander un \u00e9change :<\/p>\n\n\n\n<ul class=\"wp-block-list\">\n<li>Contactez-nous dans les 48 heures suivant la r\u00e9ception de l\u2019article.<\/li>\n\n\n\n<li>Fournissez une preuve des dommages (par exemple, des photos).<\/li>\n<\/ul>\n\n\n\n<p>Si le produit n\u2019est pas disponible pour un \u00e9change, un remboursement complet ou un cr\u00e9dit en magasin vous sera propos\u00e9.<\/p>\n\n\n\n<h2 class=\"wp-block-heading\">6. Articles endommag\u00e9s ou d\u00e9fectueux<\/h2>\n\n\n\n<p>Si vous recevez un produit endommag\u00e9 ou d\u00e9fectueux, veuillez nous en informer dans les 48 heures suivant la livraison. Assurez-vous de fournir :<\/p>\n\n\n\n<ul class=\"wp-block-list\">\n<li>Des photos ou vid\u00e9os des dommages.<\/li>\n\n\n\n<li>Les d\u00e9tails du probl\u00e8me.<\/li>\n<\/ul>\n\n\n\n<p>Nous donnerons la priorit\u00e9 \u00e0 la r\u00e9solution du probl\u00e8me par un \u00e9change, une r\u00e9paration ou un remboursement.<\/p>\n\n\n\n<h2 class=\"wp-block-heading\">7. Annulations<\/h2>\n\n\n\n<p>Les commandes peuvent \u00eatre annul\u00e9es avant leur exp\u00e9dition. Pour annuler une commande, contactez-nous imm\u00e9diatement. Si la commande a d\u00e9j\u00e0 \u00e9t\u00e9 exp\u00e9di\u00e9e, vous pouvez toujours la retourner conform\u00e9ment \u00e0 notre politique de retour.<\/p>\n\n\n<h2>Besoin d'aide?<\/h2>\n\n\n<p>Si vous avez des questions ou des pr\u00e9occupations concernant notre politique de remboursement et de retour, veuillez nous contacter \u00e0 :<\/p>\n\n\n\n<ul class=\"wp-block-list\">\n<li>E-Mail : <a href=\"mailto:contact@jimmland.com\" target=\"_blank\" rel=\"noreferrer noopener nofollow\">contact@jimmland.com<\/a><\/li>\n\n\n\n<li>Adresse : Rue Souss Magasin 1, K\u00e9nitra<\/li>\n<\/ul>","protected":false},"excerpt":{"rendered":"<p>Effective Date: 06-07-2025 Refund and Returns Policy for Jimmland Welcome to Jimmland! Customer satisfaction is at the heart of our&#8230;<\/p>","protected":false},"author":3,"featured_media":0,"parent":0,"menu_order":0,"comment_status":"closed","ping_status":"closed","template":"","meta":{"footnotes":""},"class_list":["post-7304","page","type-page","status-publish","hentry"],"yoast_head":"<!-- This site is optimized with the Yoast SEO plugin v27.1.1 - https:\/\/yoast.com\/product\/yoast-seo-wordpress\/ -->\n<title>Refund and Returns Policy | Explore the Latest Electronics, Smart Devices, Home, Accessories &amp; More<\/title>\n<meta name=\"robots\" content=\"index, follow, max-snippet:-1, max-image-preview:large, max-video-preview:-1\" \/>\n<link rel=\"canonical\" href=\"https:\/\/jimmland.com\/fr\/refund-returns\/\" \/>\n<meta property=\"og:locale\" content=\"fr_FR\" \/>\n<meta property=\"og:type\" content=\"article\" \/>\n<meta property=\"og:title\" content=\"Refund and Returns Policy | Explore the Latest Electronics, Smart Devices, Home, Accessories &amp; More\" \/>\n<meta property=\"og:description\" content=\"Effective Date: 06-07-2025 Refund and Returns Policy for Jimmland Welcome to Jimmland! Customer satisfaction is at the heart of our...\" \/>\n<meta property=\"og:url\" content=\"https:\/\/jimmland.com\/fr\/refund-returns\/\" \/>\n<meta property=\"og:site_name\" content=\"Jimmland\" \/>\n<meta property=\"article:publisher\" content=\"https:\/\/www.facebook.com\/jimmland\" \/>\n<meta property=\"article:modified_time\" content=\"2025-07-06T10:26:55+00:00\" \/>\n<meta property=\"og:image\" content=\"https:\/\/jimmland.com\/wp-content\/uploads\/2025\/07\/Jimmland-link-image.jpg\" \/>\n\t<meta property=\"og:image:width\" content=\"1200\" \/>\n\t<meta property=\"og:image:height\" content=\"675\" \/>\n\t<meta property=\"og:image:type\" content=\"image\/jpeg\" \/>\n<meta name=\"twitter:card\" content=\"summary_large_image\" \/>\n<meta name=\"twitter:label1\" content=\"Dur\u00e9e de lecture estim\u00e9e\" \/>\n\t<meta name=\"twitter:data1\" content=\"2 minutes\" \/>\n<script type=\"application\/ld+json\" class=\"yoast-schema-graph\">{\"@context\":\"https:\/\/schema.org\",\"@graph\":[{\"@type\":\"WebPage\",\"@id\":\"https:\/\/jimmland.com\/refund-returns\/\",\"url\":\"https:\/\/jimmland.com\/refund-returns\/\",\"name\":\"Refund and Returns Policy | Explore the Latest Electronics, Smart Devices, Home, Accessories &amp; More\",\"isPartOf\":{\"@id\":\"https:\/\/jimmland.com\/#website\"},\"datePublished\":\"2025-07-06T08:00:27+00:00\",\"dateModified\":\"2025-07-06T10:26:55+00:00\",\"breadcrumb\":{\"@id\":\"https:\/\/jimmland.com\/refund-returns\/#breadcrumb\"},\"inLanguage\":\"fr-FR\",\"potentialAction\":[{\"@type\":\"ReadAction\",\"target\":[\"https:\/\/jimmland.com\/refund-returns\/\"]}]},{\"@type\":\"BreadcrumbList\",\"@id\":\"https:\/\/jimmland.com\/refund-returns\/#breadcrumb\",\"itemListElement\":[{\"@type\":\"ListItem\",\"position\":1,\"name\":\"Home\",\"item\":\"https:\/\/jimmland.com\/\"},{\"@type\":\"ListItem\",\"position\":2,\"name\":\"Refund and Returns Policy\"}]},{\"@type\":\"WebSite\",\"@id\":\"https:\/\/jimmland.com\/#website\",\"url\":\"https:\/\/jimmland.com\/\",\"name\":\"Jimmland\",\"description\":\"Explore the Latest Electronics, Smart Devices, Home, Accessories &amp; More\",\"publisher\":{\"@id\":\"https:\/\/jimmland.com\/#organization\"},\"potentialAction\":[{\"@type\":\"SearchAction\",\"target\":{\"@type\":\"EntryPoint\",\"urlTemplate\":\"https:\/\/jimmland.com\/?s={search_term_string}\"},\"query-input\":{\"@type\":\"PropertyValueSpecification\",\"valueRequired\":true,\"valueName\":\"search_term_string\"}}],\"inLanguage\":\"fr-FR\"},{\"@type\":\"Organization\",\"@id\":\"https:\/\/jimmland.com\/#organization\",\"name\":\"Jimmland\",\"url\":\"https:\/\/jimmland.com\/\",\"logo\":{\"@type\":\"ImageObject\",\"inLanguage\":\"fr-FR\",\"@id\":\"https:\/\/jimmland.com\/#\/schema\/logo\/image\/\",\"url\":\"https:\/\/jimmland.com\/wp-content\/uploads\/2025\/07\/social_jimmland.jpg\",\"contentUrl\":\"https:\/\/jimmland.com\/wp-content\/uploads\/2025\/07\/social_jimmland.jpg\",\"width\":1080,\"height\":1080,\"caption\":\"Jimmland\"},\"image\":{\"@id\":\"https:\/\/jimmland.com\/#\/schema\/logo\/image\/\"},\"sameAs\":[\"https:\/\/www.facebook.com\/jimmland\",\"http:\/\/www.tiktok.com\/@jimmystore59\",\"https:\/\/www.instagram.com\/jimmland\"]}]}<\/script>\n<!-- \/ Yoast SEO plugin. -->","yoast_head_json":{"title":"Refund and Returns Policy | Explore the Latest Electronics, Smart Devices, Home, Accessories &amp; More","robots":{"index":"index","follow":"follow","max-snippet":"max-snippet:-1","max-image-preview":"max-image-preview:large","max-video-preview":"max-video-preview:-1"},"canonical":"https:\/\/jimmland.com\/fr\/refund-returns\/","og_locale":"fr_FR","og_type":"article","og_title":"Refund and Returns Policy | Explore the Latest Electronics, Smart Devices, Home, Accessories &amp; More","og_description":"Effective Date: 06-07-2025 Refund and Returns Policy for Jimmland Welcome to Jimmland! Customer satisfaction is at the heart of our...","og_url":"https:\/\/jimmland.com\/fr\/refund-returns\/","og_site_name":"Jimmland","article_publisher":"https:\/\/www.facebook.com\/jimmland","article_modified_time":"2025-07-06T10:26:55+00:00","og_image":[{"width":1200,"height":675,"url":"https:\/\/jimmland.com\/wp-content\/uploads\/2025\/07\/Jimmland-link-image.jpg","type":"image\/jpeg"}],"twitter_card":"summary_large_image","twitter_misc":{"Dur\u00e9e de lecture estim\u00e9e":"2 minutes"},"schema":{"@context":"https:\/\/schema.org","@graph":[{"@type":"WebPage","@id":"https:\/\/jimmland.com\/refund-returns\/","url":"https:\/\/jimmland.com\/refund-returns\/","name":"Refund and Returns Policy | Explore the Latest Electronics, Smart Devices, Home, Accessories &amp; More","isPartOf":{"@id":"https:\/\/jimmland.com\/#website"},"datePublished":"2025-07-06T08:00:27+00:00","dateModified":"2025-07-06T10:26:55+00:00","breadcrumb":{"@id":"https:\/\/jimmland.com\/refund-returns\/#breadcrumb"},"inLanguage":"fr-FR","potentialAction":[{"@type":"ReadAction","target":["https:\/\/jimmland.com\/refund-returns\/"]}]},{"@type":"BreadcrumbList","@id":"https:\/\/jimmland.com\/refund-returns\/#breadcrumb","itemListElement":[{"@type":"ListItem","position":1,"name":"Home","item":"https:\/\/jimmland.com\/"},{"@type":"ListItem","position":2,"name":"Refund and Returns Policy"}]},{"@type":"WebSite","@id":"https:\/\/jimmland.com\/#website","url":"https:\/\/jimmland.com\/","name":"Jimmland","description":"Explore the Latest Electronics, Smart Devices, Home, Accessories &amp; More","publisher":{"@id":"https:\/\/jimmland.com\/#organization"},"potentialAction":[{"@type":"SearchAction","target":{"@type":"EntryPoint","urlTemplate":"https:\/\/jimmland.com\/?s={search_term_string}"},"query-input":{"@type":"PropertyValueSpecification","valueRequired":true,"valueName":"search_term_string"}}],"inLanguage":"fr-FR"},{"@type":"Organization","@id":"https:\/\/jimmland.com\/#organization","name":"Jimmland","url":"https:\/\/jimmland.com\/","logo":{"@type":"ImageObject","inLanguage":"fr-FR","@id":"https:\/\/jimmland.com\/#\/schema\/logo\/image\/","url":"https:\/\/jimmland.com\/wp-content\/uploads\/2025\/07\/social_jimmland.jpg","contentUrl":"https:\/\/jimmland.com\/wp-content\/uploads\/2025\/07\/social_jimmland.jpg","width":1080,"height":1080,"caption":"Jimmland"},"image":{"@id":"https:\/\/jimmland.com\/#\/schema\/logo\/image\/"},"sameAs":["https:\/\/www.facebook.com\/jimmland","http:\/\/www.tiktok.com\/@jimmystore59","https:\/\/www.instagram.com\/jimmland"]}]}},"_links":{"self":[{"href":"https:\/\/jimmland.com\/fr\/wp-json\/wp\/v2\/pages\/7304","targetHints":{"allow":["GET"]}}],"collection":[{"href":"https:\/\/jimmland.com\/fr\/wp-json\/wp\/v2\/pages"}],"about":[{"href":"https:\/\/jimmland.com\/fr\/wp-json\/wp\/v2\/types\/page"}],"author":[{"embeddable":true,"href":"https:\/\/jimmland.com\/fr\/wp-json\/wp\/v2\/users\/3"}],"replies":[{"embeddable":true,"href":"https:\/\/jimmland.com\/fr\/wp-json\/wp\/v2\/comments?post=7304"}],"version-history":[{"count":2,"href":"https:\/\/jimmland.com\/fr\/wp-json\/wp\/v2\/pages\/7304\/revisions"}],"predecessor-version":[{"id":7542,"href":"https:\/\/jimmland.com\/fr\/wp-json\/wp\/v2\/pages\/7304\/revisions\/7542"}],"wp:attachment":[{"href":"https:\/\/jimmland.com\/fr\/wp-json\/wp\/v2\/media?parent=7304"}],"curies":[{"name":"wp","href":"https:\/\/api.w.org\/{rel}","templated":true}]}}